{"id":12820,"date":"2023-09-06T14:41:53","date_gmt":"2023-09-06T12:41:53","guid":{"rendered":"https:\/\/skagenharbourhotel.dk\/december-nat\/"},"modified":"2026-01-06T08:10:23","modified_gmt":"2026-01-06T07:10:23","slug":"december-nat","status":"publish","type":"page","link":"https:\/\/skagenharbourhotel.dk\/de\/december-nat\/","title":{"rendered":"December Nat"},"content":{"rendered":"","protected":false},"excerpt":{"rendered":"","protected":false},"author":12,"featured_media":0,"parent":0,"menu_order":38,"comment_status":"closed","ping_status":"closed","template":"","meta":{"_acf_changed":false,"footnotes":""},"class_list":["post-12820","page","type-page","status-publish","hentry"],"acf":[],"yoast_head":"<!-- This site is optimized with the Yoast SEO plugin v27.2 - https:\/\/yoast.com\/product\/yoast-seo-wordpress\/ -->\n<title>Ophold p\u00e5 Skagen Harbour Hotel | Skagen Harbour Hotel<\/title>\n<meta name=\"description\" content=\"Book dit n\u00e6ste ophold i Skagen p\u00e5 Skagen Harbour Hotel. Vi g\u00f8r hvad vi kan for at g\u00f8re dit ophold til en oplevelse for livet. Se mere her.\" \/>\n<meta name=\"robots\" content=\"index, follow, max-snippet:-1, max-image-preview:large, max-video-preview:-1\" \/>\n<link rel=\"canonical\" href=\"https:\/\/skagenharbourhotel.dk\/de\/december-nat\/\" \/>\n<script type=\"application\/ld+json\" class=\"yoast-schema-graph\">{\"@context\":\"https:\/\/schema.org\",\"@graph\":[{\"@type\":\"WebPage\",\"@id\":\"https:\/\/skagenharbourhotel.dk\/de\/december-nat\/\",\"url\":\"https:\/\/skagenharbourhotel.dk\/de\/december-nat\/\",\"name\":\"Ophold p\u00e5 Skagen Harbour Hotel | Skagen Harbour Hotel\",\"isPartOf\":{\"@id\":\"https:\/\/skagenharbourhotel.dk\/#website\"},\"datePublished\":\"2023-09-06T12:41:53+00:00\",\"dateModified\":\"2026-01-06T07:10:23+00:00\",\"description\":\"Book dit n\u00e6ste ophold i Skagen p\u00e5 Skagen Harbour Hotel. Vi g\u00f8r hvad vi kan for at g\u00f8re dit ophold til en oplevelse for livet. Se mere her.\",\"breadcrumb\":{\"@id\":\"https:\/\/skagenharbourhotel.dk\/de\/december-nat\/#breadcrumb\"},\"inLanguage\":\"de\",\"potentialAction\":[{\"@type\":\"ReadAction\",\"target\":[\"https:\/\/skagenharbourhotel.dk\/de\/december-nat\/\"]}]},{\"@type\":\"BreadcrumbList\",\"@id\":\"https:\/\/skagenharbourhotel.dk\/de\/december-nat\/#breadcrumb\",\"itemListElement\":[{\"@type\":\"ListItem\",\"position\":1,\"name\":\"Hjem\",\"item\":\"https:\/\/skagenharbourhotel.dk\/de\/\"},{\"@type\":\"ListItem\",\"position\":2,\"name\":\"December Nat\"}]},{\"@type\":\"WebSite\",\"@id\":\"https:\/\/skagenharbourhotel.dk\/#website\",\"url\":\"https:\/\/skagenharbourhotel.dk\/\",\"name\":\"Skagen Hotel\",\"description\":\"Skagen Hotel\",\"potentialAction\":[{\"@type\":\"SearchAction\",\"target\":{\"@type\":\"EntryPoint\",\"urlTemplate\":\"https:\/\/skagenharbourhotel.dk\/?s={search_term_string}\"},\"query-input\":{\"@type\":\"PropertyValueSpecification\",\"valueRequired\":true,\"valueName\":\"search_term_string\"}}],\"inLanguage\":\"de\"}]}<\/script>\n<!-- \/ Yoast SEO plugin. -->","yoast_head_json":{"title":"Ophold p\u00e5 Skagen Harbour Hotel | Skagen Harbour Hotel","description":"Book dit n\u00e6ste ophold i Skagen p\u00e5 Skagen Harbour Hotel. Vi g\u00f8r hvad vi kan for at g\u00f8re dit ophold til en oplevelse for livet. Se mere her.","robots":{"index":"index","follow":"follow","max-snippet":"max-snippet:-1","max-image-preview":"max-image-preview:large","max-video-preview":"max-video-preview:-1"},"canonical":"https:\/\/skagenharbourhotel.dk\/de\/december-nat\/","schema":{"@context":"https:\/\/schema.org","@graph":[{"@type":"WebPage","@id":"https:\/\/skagenharbourhotel.dk\/de\/december-nat\/","url":"https:\/\/skagenharbourhotel.dk\/de\/december-nat\/","name":"Ophold p\u00e5 Skagen Harbour Hotel | Skagen Harbour Hotel","isPartOf":{"@id":"https:\/\/skagenharbourhotel.dk\/#website"},"datePublished":"2023-09-06T12:41:53+00:00","dateModified":"2026-01-06T07:10:23+00:00","description":"Book dit n\u00e6ste ophold i Skagen p\u00e5 Skagen Harbour Hotel. Vi g\u00f8r hvad vi kan for at g\u00f8re dit ophold til en oplevelse for livet. Se mere her.","breadcrumb":{"@id":"https:\/\/skagenharbourhotel.dk\/de\/december-nat\/#breadcrumb"},"inLanguage":"de","potentialAction":[{"@type":"ReadAction","target":["https:\/\/skagenharbourhotel.dk\/de\/december-nat\/"]}]},{"@type":"BreadcrumbList","@id":"https:\/\/skagenharbourhotel.dk\/de\/december-nat\/#breadcrumb","itemListElement":[{"@type":"ListItem","position":1,"name":"Hjem","item":"https:\/\/skagenharbourhotel.dk\/de\/"},{"@type":"ListItem","position":2,"name":"December Nat"}]},{"@type":"WebSite","@id":"https:\/\/skagenharbourhotel.dk\/#website","url":"https:\/\/skagenharbourhotel.dk\/","name":"Skagen Hotel","description":"Skagen Hotel","potentialAction":[{"@type":"SearchAction","target":{"@type":"EntryPoint","urlTemplate":"https:\/\/skagenharbourhotel.dk\/?s={search_term_string}"},"query-input":{"@type":"PropertyValueSpecification","valueRequired":true,"valueName":"search_term_string"}}],"inLanguage":"de"}]}},"_links":{"self":[{"href":"https:\/\/skagenharbourhotel.dk\/de\/wp-json\/wp\/v2\/pages\/12820","targetHints":{"allow":["GET"]}}],"collection":[{"href":"https:\/\/skagenharbourhotel.dk\/de\/wp-json\/wp\/v2\/pages"}],"about":[{"href":"https:\/\/skagenharbourhotel.dk\/de\/wp-json\/wp\/v2\/types\/page"}],"author":[{"embeddable":true,"href":"https:\/\/skagenharbourhotel.dk\/de\/wp-json\/wp\/v2\/users\/12"}],"replies":[{"embeddable":true,"href":"https:\/\/skagenharbourhotel.dk\/de\/wp-json\/wp\/v2\/comments?post=12820"}],"version-history":[{"count":13,"href":"https:\/\/skagenharbourhotel.dk\/de\/wp-json\/wp\/v2\/pages\/12820\/revisions"}],"predecessor-version":[{"id":19152,"href":"https:\/\/skagenharbourhotel.dk\/de\/wp-json\/wp\/v2\/pages\/12820\/revisions\/19152"}],"wp:attachment":[{"href":"https:\/\/skagenharbourhotel.dk\/de\/wp-json\/wp\/v2\/media?parent=12820"}],"curies":[{"name":"wp","href":"https:\/\/api.w.org\/{rel}","templated":true}]}}