{"id":12841,"date":"2022-12-01T11:32:24","date_gmt":"2022-12-01T10:32:24","guid":{"rendered":"https:\/\/skagenharbourhotel.dk\/hverdagsbreak-soendagsophold\/"},"modified":"2025-12-09T15:46:03","modified_gmt":"2025-12-09T14:46:03","slug":"hverdagsbreak-soendagsophold","status":"publish","type":"page","link":"https:\/\/skagenharbourhotel.dk\/de\/hverdagsbreak-soendagsophold\/","title":{"rendered":"Hverdagsbreak \/ S\u00f8ndagsophold"},"content":{"rendered":"","protected":false},"excerpt":{"rendered":"","protected":false},"author":8,"featured_media":0,"parent":0,"menu_order":38,"comment_status":"closed","ping_status":"closed","template":"","meta":{"_acf_changed":false,"footnotes":""},"class_list":["post-12841","page","type-page","status-publish","hentry"],"acf":[],"yoast_head":"<!-- This site is optimized with the Yoast SEO plugin v27.4 - https:\/\/yoast.com\/product\/yoast-seo-wordpress\/ -->\n<title>Ophold p\u00e5 Skagen Harbour Hotel | Skagen Harbour Hotel<\/title>\n<meta name=\"description\" content=\"Book dit n\u00e6ste ophold i Skagen p\u00e5 Skagen Harbour Hotel. Vi g\u00f8r hvad vi kan for at g\u00f8re dit ophold til en oplevelse for livet. Se mere her.\" \/>\n<meta name=\"robots\" content=\"index, follow, max-snippet:-1, max-image-preview:large, max-video-preview:-1\" \/>\n<link rel=\"canonical\" href=\"https:\/\/skagenharbourhotel.dk\/de\/hverdagsbreak-soendagsophold\/\" \/>\n<script type=\"application\/ld+json\" class=\"yoast-schema-graph\">{\"@context\":\"https:\\\/\\\/schema.org\",\"@graph\":[{\"@type\":\"WebPage\",\"@id\":\"https:\\\/\\\/skagenharbourhotel.dk\\\/de\\\/hverdagsbreak-soendagsophold\\\/\",\"url\":\"https:\\\/\\\/skagenharbourhotel.dk\\\/de\\\/hverdagsbreak-soendagsophold\\\/\",\"name\":\"Ophold p\u00e5 Skagen Harbour Hotel | Skagen Harbour Hotel\",\"isPartOf\":{\"@id\":\"https:\\\/\\\/skagenharbourhotel.dk\\\/#website\"},\"datePublished\":\"2022-12-01T10:32:24+00:00\",\"dateModified\":\"2025-12-09T14:46:03+00:00\",\"description\":\"Book dit n\u00e6ste ophold i Skagen p\u00e5 Skagen Harbour Hotel. Vi g\u00f8r hvad vi kan for at g\u00f8re dit ophold til en oplevelse for livet. Se mere her.\",\"breadcrumb\":{\"@id\":\"https:\\\/\\\/skagenharbourhotel.dk\\\/de\\\/hverdagsbreak-soendagsophold\\\/#breadcrumb\"},\"inLanguage\":\"de\",\"potentialAction\":[{\"@type\":\"ReadAction\",\"target\":[\"https:\\\/\\\/skagenharbourhotel.dk\\\/de\\\/hverdagsbreak-soendagsophold\\\/\"]}]},{\"@type\":\"BreadcrumbList\",\"@id\":\"https:\\\/\\\/skagenharbourhotel.dk\\\/de\\\/hverdagsbreak-soendagsophold\\\/#breadcrumb\",\"itemListElement\":[{\"@type\":\"ListItem\",\"position\":1,\"name\":\"Hjem\",\"item\":\"https:\\\/\\\/skagenharbourhotel.dk\\\/de\\\/\"},{\"@type\":\"ListItem\",\"position\":2,\"name\":\"Hverdagsbreak \\\/ S\u00f8ndagsophold\"}]},{\"@type\":\"WebSite\",\"@id\":\"https:\\\/\\\/skagenharbourhotel.dk\\\/#website\",\"url\":\"https:\\\/\\\/skagenharbourhotel.dk\\\/\",\"name\":\"Skagen Hotel\",\"description\":\"Skagen Hotel\",\"potentialAction\":[{\"@type\":\"SearchAction\",\"target\":{\"@type\":\"EntryPoint\",\"urlTemplate\":\"https:\\\/\\\/skagenharbourhotel.dk\\\/?s={search_term_string}\"},\"query-input\":{\"@type\":\"PropertyValueSpecification\",\"valueRequired\":true,\"valueName\":\"search_term_string\"}}],\"inLanguage\":\"de\"}]}<\/script>\n<!-- \/ Yoast SEO plugin. -->","yoast_head_json":{"title":"Ophold p\u00e5 Skagen Harbour Hotel | Skagen Harbour Hotel","description":"Book dit n\u00e6ste ophold i Skagen p\u00e5 Skagen Harbour Hotel. Vi g\u00f8r hvad vi kan for at g\u00f8re dit ophold til en oplevelse for livet. Se mere her.","robots":{"index":"index","follow":"follow","max-snippet":"max-snippet:-1","max-image-preview":"max-image-preview:large","max-video-preview":"max-video-preview:-1"},"canonical":"https:\/\/skagenharbourhotel.dk\/de\/hverdagsbreak-soendagsophold\/","schema":{"@context":"https:\/\/schema.org","@graph":[{"@type":"WebPage","@id":"https:\/\/skagenharbourhotel.dk\/de\/hverdagsbreak-soendagsophold\/","url":"https:\/\/skagenharbourhotel.dk\/de\/hverdagsbreak-soendagsophold\/","name":"Ophold p\u00e5 Skagen Harbour Hotel | Skagen Harbour Hotel","isPartOf":{"@id":"https:\/\/skagenharbourhotel.dk\/#website"},"datePublished":"2022-12-01T10:32:24+00:00","dateModified":"2025-12-09T14:46:03+00:00","description":"Book dit n\u00e6ste ophold i Skagen p\u00e5 Skagen Harbour Hotel. Vi g\u00f8r hvad vi kan for at g\u00f8re dit ophold til en oplevelse for livet. Se mere her.","breadcrumb":{"@id":"https:\/\/skagenharbourhotel.dk\/de\/hverdagsbreak-soendagsophold\/#breadcrumb"},"inLanguage":"de","potentialAction":[{"@type":"ReadAction","target":["https:\/\/skagenharbourhotel.dk\/de\/hverdagsbreak-soendagsophold\/"]}]},{"@type":"BreadcrumbList","@id":"https:\/\/skagenharbourhotel.dk\/de\/hverdagsbreak-soendagsophold\/#breadcrumb","itemListElement":[{"@type":"ListItem","position":1,"name":"Hjem","item":"https:\/\/skagenharbourhotel.dk\/de\/"},{"@type":"ListItem","position":2,"name":"Hverdagsbreak \/ S\u00f8ndagsophold"}]},{"@type":"WebSite","@id":"https:\/\/skagenharbourhotel.dk\/#website","url":"https:\/\/skagenharbourhotel.dk\/","name":"Skagen Hotel","description":"Skagen Hotel","potentialAction":[{"@type":"SearchAction","target":{"@type":"EntryPoint","urlTemplate":"https:\/\/skagenharbourhotel.dk\/?s={search_term_string}"},"query-input":{"@type":"PropertyValueSpecification","valueRequired":true,"valueName":"search_term_string"}}],"inLanguage":"de"}]}},"_links":{"self":[{"href":"https:\/\/skagenharbourhotel.dk\/de\/wp-json\/wp\/v2\/pages\/12841","targetHints":{"allow":["GET"]}}],"collection":[{"href":"https:\/\/skagenharbourhotel.dk\/de\/wp-json\/wp\/v2\/pages"}],"about":[{"href":"https:\/\/skagenharbourhotel.dk\/de\/wp-json\/wp\/v2\/types\/page"}],"author":[{"embeddable":true,"href":"https:\/\/skagenharbourhotel.dk\/de\/wp-json\/wp\/v2\/users\/8"}],"replies":[{"embeddable":true,"href":"https:\/\/skagenharbourhotel.dk\/de\/wp-json\/wp\/v2\/comments?post=12841"}],"version-history":[{"count":13,"href":"https:\/\/skagenharbourhotel.dk\/de\/wp-json\/wp\/v2\/pages\/12841\/revisions"}],"predecessor-version":[{"id":19134,"href":"https:\/\/skagenharbourhotel.dk\/de\/wp-json\/wp\/v2\/pages\/12841\/revisions\/19134"}],"wp:attachment":[{"href":"https:\/\/skagenharbourhotel.dk\/de\/wp-json\/wp\/v2\/media?parent=12841"}],"curies":[{"name":"wp","href":"https:\/\/api.w.org\/{rel}","templated":true}]}}