{"id":12864,"date":"2020-01-22T10:05:34","date_gmt":"2020-01-22T09:05:34","guid":{"rendered":"https:\/\/skagenharbourhotel.dk\/weekendophold-skagen\/"},"modified":"2024-09-18T11:09:09","modified_gmt":"2024-09-18T09:09:09","slug":"weekendophold-skagen","status":"publish","type":"page","link":"https:\/\/skagenharbourhotel.dk\/de\/weekendophold-skagen\/","title":{"rendered":"Weekendophold Skagen, i, tilbud"},"content":{"rendered":"","protected":false},"excerpt":{"rendered":"","protected":false},"author":8,"featured_media":0,"parent":0,"menu_order":18,"comment_status":"closed","ping_status":"closed","template":"","meta":{"_acf_changed":false,"footnotes":""},"class_list":["post-12864","page","type-page","status-publish","hentry"],"acf":[],"yoast_head":"<!-- This site is optimized with the Yoast SEO plugin v27.4 - https:\/\/yoast.com\/product\/yoast-seo-wordpress\/ -->\n<title>Weekendophold Skagen, i, tilbud - Kom p\u00e5 et l\u00e6kkert weekendophold<\/title>\n<meta name=\"description\" content=\"Weekendophold Skagen - Hos os kan du f\u00e5 et fantastisk weekendophold p\u00e5 Skagen Harbour Hotel. Kontakt os p\u00e5 Tlf. +45 98 44 67 16.\" \/>\n<meta name=\"robots\" content=\"index, follow, max-snippet:-1, max-image-preview:large, max-video-preview:-1\" \/>\n<link rel=\"canonical\" href=\"https:\/\/skagenharbourhotel.dk\/de\/weekendophold-skagen\/\" \/>\n<script type=\"application\/ld+json\" class=\"yoast-schema-graph\">{\"@context\":\"https:\\\/\\\/schema.org\",\"@graph\":[{\"@type\":\"WebPage\",\"@id\":\"https:\\\/\\\/skagenharbourhotel.dk\\\/de\\\/weekendophold-skagen\\\/\",\"url\":\"https:\\\/\\\/skagenharbourhotel.dk\\\/de\\\/weekendophold-skagen\\\/\",\"name\":\"Weekendophold Skagen, i, tilbud - Kom p\u00e5 et l\u00e6kkert weekendophold\",\"isPartOf\":{\"@id\":\"https:\\\/\\\/skagenharbourhotel.dk\\\/#website\"},\"datePublished\":\"2020-01-22T09:05:34+00:00\",\"dateModified\":\"2024-09-18T09:09:09+00:00\",\"description\":\"Weekendophold Skagen - Hos os kan du f\u00e5 et fantastisk weekendophold p\u00e5 Skagen Harbour Hotel. Kontakt os p\u00e5 Tlf. +45 98 44 67 16.\",\"breadcrumb\":{\"@id\":\"https:\\\/\\\/skagenharbourhotel.dk\\\/de\\\/weekendophold-skagen\\\/#breadcrumb\"},\"inLanguage\":\"de\",\"potentialAction\":[{\"@type\":\"ReadAction\",\"target\":[\"https:\\\/\\\/skagenharbourhotel.dk\\\/de\\\/weekendophold-skagen\\\/\"]}]},{\"@type\":\"BreadcrumbList\",\"@id\":\"https:\\\/\\\/skagenharbourhotel.dk\\\/de\\\/weekendophold-skagen\\\/#breadcrumb\",\"itemListElement\":[{\"@type\":\"ListItem\",\"position\":1,\"name\":\"Hjem\",\"item\":\"https:\\\/\\\/skagenharbourhotel.dk\\\/de\\\/\"},{\"@type\":\"ListItem\",\"position\":2,\"name\":\"Weekendophold Skagen, i, tilbud\"}]},{\"@type\":\"WebSite\",\"@id\":\"https:\\\/\\\/skagenharbourhotel.dk\\\/#website\",\"url\":\"https:\\\/\\\/skagenharbourhotel.dk\\\/\",\"name\":\"Skagen Hotel\",\"description\":\"Skagen Hotel\",\"potentialAction\":[{\"@type\":\"SearchAction\",\"target\":{\"@type\":\"EntryPoint\",\"urlTemplate\":\"https:\\\/\\\/skagenharbourhotel.dk\\\/?s={search_term_string}\"},\"query-input\":{\"@type\":\"PropertyValueSpecification\",\"valueRequired\":true,\"valueName\":\"search_term_string\"}}],\"inLanguage\":\"de\"}]}<\/script>\n<!-- \/ Yoast SEO plugin. -->","yoast_head_json":{"title":"Weekendophold Skagen, i, tilbud - Kom p\u00e5 et l\u00e6kkert weekendophold","description":"Weekendophold Skagen - Hos os kan du f\u00e5 et fantastisk weekendophold p\u00e5 Skagen Harbour Hotel. Kontakt os p\u00e5 Tlf. +45 98 44 67 16.","robots":{"index":"index","follow":"follow","max-snippet":"max-snippet:-1","max-image-preview":"max-image-preview:large","max-video-preview":"max-video-preview:-1"},"canonical":"https:\/\/skagenharbourhotel.dk\/de\/weekendophold-skagen\/","schema":{"@context":"https:\/\/schema.org","@graph":[{"@type":"WebPage","@id":"https:\/\/skagenharbourhotel.dk\/de\/weekendophold-skagen\/","url":"https:\/\/skagenharbourhotel.dk\/de\/weekendophold-skagen\/","name":"Weekendophold Skagen, i, tilbud - Kom p\u00e5 et l\u00e6kkert weekendophold","isPartOf":{"@id":"https:\/\/skagenharbourhotel.dk\/#website"},"datePublished":"2020-01-22T09:05:34+00:00","dateModified":"2024-09-18T09:09:09+00:00","description":"Weekendophold Skagen - Hos os kan du f\u00e5 et fantastisk weekendophold p\u00e5 Skagen Harbour Hotel. Kontakt os p\u00e5 Tlf. +45 98 44 67 16.","breadcrumb":{"@id":"https:\/\/skagenharbourhotel.dk\/de\/weekendophold-skagen\/#breadcrumb"},"inLanguage":"de","potentialAction":[{"@type":"ReadAction","target":["https:\/\/skagenharbourhotel.dk\/de\/weekendophold-skagen\/"]}]},{"@type":"BreadcrumbList","@id":"https:\/\/skagenharbourhotel.dk\/de\/weekendophold-skagen\/#breadcrumb","itemListElement":[{"@type":"ListItem","position":1,"name":"Hjem","item":"https:\/\/skagenharbourhotel.dk\/de\/"},{"@type":"ListItem","position":2,"name":"Weekendophold Skagen, i, tilbud"}]},{"@type":"WebSite","@id":"https:\/\/skagenharbourhotel.dk\/#website","url":"https:\/\/skagenharbourhotel.dk\/","name":"Skagen Hotel","description":"Skagen Hotel","potentialAction":[{"@type":"SearchAction","target":{"@type":"EntryPoint","urlTemplate":"https:\/\/skagenharbourhotel.dk\/?s={search_term_string}"},"query-input":{"@type":"PropertyValueSpecification","valueRequired":true,"valueName":"search_term_string"}}],"inLanguage":"de"}]}},"_links":{"self":[{"href":"https:\/\/skagenharbourhotel.dk\/de\/wp-json\/wp\/v2\/pages\/12864","targetHints":{"allow":["GET"]}}],"collection":[{"href":"https:\/\/skagenharbourhotel.dk\/de\/wp-json\/wp\/v2\/pages"}],"about":[{"href":"https:\/\/skagenharbourhotel.dk\/de\/wp-json\/wp\/v2\/types\/page"}],"author":[{"embeddable":true,"href":"https:\/\/skagenharbourhotel.dk\/de\/wp-json\/wp\/v2\/users\/8"}],"replies":[{"embeddable":true,"href":"https:\/\/skagenharbourhotel.dk\/de\/wp-json\/wp\/v2\/comments?post=12864"}],"version-history":[{"count":1,"href":"https:\/\/skagenharbourhotel.dk\/de\/wp-json\/wp\/v2\/pages\/12864\/revisions"}],"predecessor-version":[{"id":18338,"href":"https:\/\/skagenharbourhotel.dk\/de\/wp-json\/wp\/v2\/pages\/12864\/revisions\/18338"}],"wp:attachment":[{"href":"https:\/\/skagenharbourhotel.dk\/de\/wp-json\/wp\/v2\/media?parent=12864"}],"curies":[{"name":"wp","href":"https:\/\/api.w.org\/{rel}","templated":true}]}}