{"id":12867,"date":"2020-01-22T09:45:01","date_gmt":"2020-01-22T08:45:01","guid":{"rendered":"https:\/\/skagenharbourhotel.dk\/ophold-i-skagen\/"},"modified":"2024-09-18T11:07:52","modified_gmt":"2024-09-18T09:07:52","slug":"ophold-i-skagen","status":"publish","type":"page","link":"https:\/\/skagenharbourhotel.dk\/de\/ophold-i-skagen\/","title":{"rendered":"Ophold Skagen, i, tilbud, Skagen Ophold"},"content":{"rendered":"","protected":false},"excerpt":{"rendered":"","protected":false},"author":8,"featured_media":0,"parent":0,"menu_order":15,"comment_status":"closed","ping_status":"closed","template":"","meta":{"_acf_changed":false,"footnotes":""},"class_list":["post-12867","page","type-page","status-publish","hentry"],"acf":[],"yoast_head":"<!-- This site is optimized with the Yoast SEO plugin v27.4 - https:\/\/yoast.com\/product\/yoast-seo-wordpress\/ -->\n<title>Ophold i Skagen - Kom p\u00e5 l\u00e6kkert ophold her i sk\u00f8nne omgivelser.<\/title>\n<meta name=\"description\" content=\"Ophold i Skagen - Her hos os kan du nyde et behageligt ophold p\u00e5 Skagen Harbour Hotel. Kontakt os p\u00e5 Tlf. +45 98 44 67 16.\" \/>\n<meta name=\"robots\" content=\"index, follow, max-snippet:-1, max-image-preview:large, max-video-preview:-1\" \/>\n<link rel=\"canonical\" href=\"https:\/\/skagenharbourhotel.dk\/de\/ophold-i-skagen\/\" \/>\n<script type=\"application\/ld+json\" class=\"yoast-schema-graph\">{\"@context\":\"https:\\\/\\\/schema.org\",\"@graph\":[{\"@type\":\"WebPage\",\"@id\":\"https:\\\/\\\/skagenharbourhotel.dk\\\/de\\\/ophold-i-skagen\\\/\",\"url\":\"https:\\\/\\\/skagenharbourhotel.dk\\\/de\\\/ophold-i-skagen\\\/\",\"name\":\"Ophold i Skagen - Kom p\u00e5 l\u00e6kkert ophold her i sk\u00f8nne omgivelser.\",\"isPartOf\":{\"@id\":\"https:\\\/\\\/skagenharbourhotel.dk\\\/#website\"},\"datePublished\":\"2020-01-22T08:45:01+00:00\",\"dateModified\":\"2024-09-18T09:07:52+00:00\",\"description\":\"Ophold i Skagen - Her hos os kan du nyde et behageligt ophold p\u00e5 Skagen Harbour Hotel. Kontakt os p\u00e5 Tlf. +45 98 44 67 16.\",\"breadcrumb\":{\"@id\":\"https:\\\/\\\/skagenharbourhotel.dk\\\/de\\\/ophold-i-skagen\\\/#breadcrumb\"},\"inLanguage\":\"de\",\"potentialAction\":[{\"@type\":\"ReadAction\",\"target\":[\"https:\\\/\\\/skagenharbourhotel.dk\\\/de\\\/ophold-i-skagen\\\/\"]}]},{\"@type\":\"BreadcrumbList\",\"@id\":\"https:\\\/\\\/skagenharbourhotel.dk\\\/de\\\/ophold-i-skagen\\\/#breadcrumb\",\"itemListElement\":[{\"@type\":\"ListItem\",\"position\":1,\"name\":\"Hjem\",\"item\":\"https:\\\/\\\/skagenharbourhotel.dk\\\/de\\\/\"},{\"@type\":\"ListItem\",\"position\":2,\"name\":\"Ophold Skagen, i, tilbud, Skagen Ophold\"}]},{\"@type\":\"WebSite\",\"@id\":\"https:\\\/\\\/skagenharbourhotel.dk\\\/#website\",\"url\":\"https:\\\/\\\/skagenharbourhotel.dk\\\/\",\"name\":\"Skagen Hotel\",\"description\":\"Skagen Hotel\",\"potentialAction\":[{\"@type\":\"SearchAction\",\"target\":{\"@type\":\"EntryPoint\",\"urlTemplate\":\"https:\\\/\\\/skagenharbourhotel.dk\\\/?s={search_term_string}\"},\"query-input\":{\"@type\":\"PropertyValueSpecification\",\"valueRequired\":true,\"valueName\":\"search_term_string\"}}],\"inLanguage\":\"de\"}]}<\/script>\n<!-- \/ Yoast SEO plugin. -->","yoast_head_json":{"title":"Ophold i Skagen - Kom p\u00e5 l\u00e6kkert ophold her i sk\u00f8nne omgivelser.","description":"Ophold i Skagen - Her hos os kan du nyde et behageligt ophold p\u00e5 Skagen Harbour Hotel. Kontakt os p\u00e5 Tlf. +45 98 44 67 16.","robots":{"index":"index","follow":"follow","max-snippet":"max-snippet:-1","max-image-preview":"max-image-preview:large","max-video-preview":"max-video-preview:-1"},"canonical":"https:\/\/skagenharbourhotel.dk\/de\/ophold-i-skagen\/","schema":{"@context":"https:\/\/schema.org","@graph":[{"@type":"WebPage","@id":"https:\/\/skagenharbourhotel.dk\/de\/ophold-i-skagen\/","url":"https:\/\/skagenharbourhotel.dk\/de\/ophold-i-skagen\/","name":"Ophold i Skagen - Kom p\u00e5 l\u00e6kkert ophold her i sk\u00f8nne omgivelser.","isPartOf":{"@id":"https:\/\/skagenharbourhotel.dk\/#website"},"datePublished":"2020-01-22T08:45:01+00:00","dateModified":"2024-09-18T09:07:52+00:00","description":"Ophold i Skagen - Her hos os kan du nyde et behageligt ophold p\u00e5 Skagen Harbour Hotel. Kontakt os p\u00e5 Tlf. +45 98 44 67 16.","breadcrumb":{"@id":"https:\/\/skagenharbourhotel.dk\/de\/ophold-i-skagen\/#breadcrumb"},"inLanguage":"de","potentialAction":[{"@type":"ReadAction","target":["https:\/\/skagenharbourhotel.dk\/de\/ophold-i-skagen\/"]}]},{"@type":"BreadcrumbList","@id":"https:\/\/skagenharbourhotel.dk\/de\/ophold-i-skagen\/#breadcrumb","itemListElement":[{"@type":"ListItem","position":1,"name":"Hjem","item":"https:\/\/skagenharbourhotel.dk\/de\/"},{"@type":"ListItem","position":2,"name":"Ophold Skagen, i, tilbud, Skagen Ophold"}]},{"@type":"WebSite","@id":"https:\/\/skagenharbourhotel.dk\/#website","url":"https:\/\/skagenharbourhotel.dk\/","name":"Skagen Hotel","description":"Skagen Hotel","potentialAction":[{"@type":"SearchAction","target":{"@type":"EntryPoint","urlTemplate":"https:\/\/skagenharbourhotel.dk\/?s={search_term_string}"},"query-input":{"@type":"PropertyValueSpecification","valueRequired":true,"valueName":"search_term_string"}}],"inLanguage":"de"}]}},"_links":{"self":[{"href":"https:\/\/skagenharbourhotel.dk\/de\/wp-json\/wp\/v2\/pages\/12867","targetHints":{"allow":["GET"]}}],"collection":[{"href":"https:\/\/skagenharbourhotel.dk\/de\/wp-json\/wp\/v2\/pages"}],"about":[{"href":"https:\/\/skagenharbourhotel.dk\/de\/wp-json\/wp\/v2\/types\/page"}],"author":[{"embeddable":true,"href":"https:\/\/skagenharbourhotel.dk\/de\/wp-json\/wp\/v2\/users\/8"}],"replies":[{"embeddable":true,"href":"https:\/\/skagenharbourhotel.dk\/de\/wp-json\/wp\/v2\/comments?post=12867"}],"version-history":[{"count":1,"href":"https:\/\/skagenharbourhotel.dk\/de\/wp-json\/wp\/v2\/pages\/12867\/revisions"}],"predecessor-version":[{"id":18335,"href":"https:\/\/skagenharbourhotel.dk\/de\/wp-json\/wp\/v2\/pages\/12867\/revisions\/18335"}],"wp:attachment":[{"href":"https:\/\/skagenharbourhotel.dk\/de\/wp-json\/wp\/v2\/media?parent=12867"}],"curies":[{"name":"wp","href":"https:\/\/api.w.org\/{rel}","templated":true}]}}