{"id":1505,"date":"2019-05-16T10:47:19","date_gmt":"2019-05-16T08:47:19","guid":{"rendered":"https:\/\/skagenharbourhotel.dk\/events\/"},"modified":"2024-03-21T11:49:49","modified_gmt":"2024-03-21T10:49:49","slug":"events","status":"publish","type":"page","link":"https:\/\/skagenharbourhotel.dk\/en\/events\/","title":{"rendered":"Events"},"content":{"rendered":"","protected":false},"excerpt":{"rendered":"","protected":false},"author":8,"featured_media":0,"parent":0,"menu_order":3,"comment_status":"closed","ping_status":"closed","template":"","meta":{"_acf_changed":false,"footnotes":""},"class_list":["post-1505","page","type-page","status-publish","hentry"],"acf":[],"yoast_head":"<!-- This site is optimized with the Yoast SEO plugin v27.4 - https:\/\/yoast.com\/product\/yoast-seo-wordpress\/ -->\n<title>Begivenheder p\u00e5 Skagen Harbour Hotel | skagenharbourhotel.dk<\/title>\n<meta name=\"description\" content=\"Oplev en af vores mange events eller begivenheder p\u00e5 Skagen Harbour Hotel. Der er noget for enhver smag. L\u00e6s mere her.\" \/>\n<meta name=\"robots\" content=\"index, follow, max-snippet:-1, max-image-preview:large, max-video-preview:-1\" \/>\n<link rel=\"canonical\" href=\"https:\/\/skagenharbourhotel.dk\/events\/\" \/>\n<meta name=\"twitter:label1\" content=\"Est. reading time\" \/>\n\t<meta name=\"twitter:data1\" content=\"1 minute\" \/>\n<script type=\"application\/ld+json\" class=\"yoast-schema-graph\">{\"@context\":\"https:\\\/\\\/schema.org\",\"@graph\":[{\"@type\":\"WebPage\",\"@id\":\"https:\\\/\\\/skagenharbourhotel.dk\\\/events\\\/\",\"url\":\"https:\\\/\\\/skagenharbourhotel.dk\\\/events\\\/\",\"name\":\"Begivenheder p\u00e5 Skagen Harbour Hotel | skagenharbourhotel.dk\",\"isPartOf\":{\"@id\":\"https:\\\/\\\/skagenharbourhotel.dk\\\/#website\"},\"datePublished\":\"2019-05-16T08:47:19+00:00\",\"dateModified\":\"2024-03-21T10:49:49+00:00\",\"description\":\"Oplev en af vores mange events eller begivenheder p\u00e5 Skagen Harbour Hotel. Der er noget for enhver smag. L\u00e6s mere her.\",\"breadcrumb\":{\"@id\":\"https:\\\/\\\/skagenharbourhotel.dk\\\/events\\\/#breadcrumb\"},\"inLanguage\":\"en-US\",\"potentialAction\":[{\"@type\":\"ReadAction\",\"target\":[\"https:\\\/\\\/skagenharbourhotel.dk\\\/events\\\/\"]}]},{\"@type\":\"BreadcrumbList\",\"@id\":\"https:\\\/\\\/skagenharbourhotel.dk\\\/events\\\/#breadcrumb\",\"itemListElement\":[{\"@type\":\"ListItem\",\"position\":1,\"name\":\"Hjem\",\"item\":\"https:\\\/\\\/skagenharbourhotel.dk\\\/en\\\/\"},{\"@type\":\"ListItem\",\"position\":2,\"name\":\"Events\"}]},{\"@type\":\"WebSite\",\"@id\":\"https:\\\/\\\/skagenharbourhotel.dk\\\/#website\",\"url\":\"https:\\\/\\\/skagenharbourhotel.dk\\\/\",\"name\":\"Skagen Hotel\",\"description\":\"Skagen Hotel\",\"potentialAction\":[{\"@type\":\"SearchAction\",\"target\":{\"@type\":\"EntryPoint\",\"urlTemplate\":\"https:\\\/\\\/skagenharbourhotel.dk\\\/?s={search_term_string}\"},\"query-input\":{\"@type\":\"PropertyValueSpecification\",\"valueRequired\":true,\"valueName\":\"search_term_string\"}}],\"inLanguage\":\"en-US\"}]}<\/script>\n<!-- \/ Yoast SEO plugin. -->","yoast_head_json":{"title":"Begivenheder p\u00e5 Skagen Harbour Hotel | skagenharbourhotel.dk","description":"Oplev en af vores mange events eller begivenheder p\u00e5 Skagen Harbour Hotel. Der er noget for enhver smag. L\u00e6s mere her.","robots":{"index":"index","follow":"follow","max-snippet":"max-snippet:-1","max-image-preview":"max-image-preview:large","max-video-preview":"max-video-preview:-1"},"canonical":"https:\/\/skagenharbourhotel.dk\/events\/","twitter_misc":{"Est. reading time":"1 minute"},"schema":{"@context":"https:\/\/schema.org","@graph":[{"@type":"WebPage","@id":"https:\/\/skagenharbourhotel.dk\/events\/","url":"https:\/\/skagenharbourhotel.dk\/events\/","name":"Begivenheder p\u00e5 Skagen Harbour Hotel | skagenharbourhotel.dk","isPartOf":{"@id":"https:\/\/skagenharbourhotel.dk\/#website"},"datePublished":"2019-05-16T08:47:19+00:00","dateModified":"2024-03-21T10:49:49+00:00","description":"Oplev en af vores mange events eller begivenheder p\u00e5 Skagen Harbour Hotel. Der er noget for enhver smag. L\u00e6s mere her.","breadcrumb":{"@id":"https:\/\/skagenharbourhotel.dk\/events\/#breadcrumb"},"inLanguage":"en-US","potentialAction":[{"@type":"ReadAction","target":["https:\/\/skagenharbourhotel.dk\/events\/"]}]},{"@type":"BreadcrumbList","@id":"https:\/\/skagenharbourhotel.dk\/events\/#breadcrumb","itemListElement":[{"@type":"ListItem","position":1,"name":"Hjem","item":"https:\/\/skagenharbourhotel.dk\/en\/"},{"@type":"ListItem","position":2,"name":"Events"}]},{"@type":"WebSite","@id":"https:\/\/skagenharbourhotel.dk\/#website","url":"https:\/\/skagenharbourhotel.dk\/","name":"Skagen Hotel","description":"Skagen Hotel","potentialAction":[{"@type":"SearchAction","target":{"@type":"EntryPoint","urlTemplate":"https:\/\/skagenharbourhotel.dk\/?s={search_term_string}"},"query-input":{"@type":"PropertyValueSpecification","valueRequired":true,"valueName":"search_term_string"}}],"inLanguage":"en-US"}]}},"_links":{"self":[{"href":"https:\/\/skagenharbourhotel.dk\/en\/wp-json\/wp\/v2\/pages\/1505","targetHints":{"allow":["GET"]}}],"collection":[{"href":"https:\/\/skagenharbourhotel.dk\/en\/wp-json\/wp\/v2\/pages"}],"about":[{"href":"https:\/\/skagenharbourhotel.dk\/en\/wp-json\/wp\/v2\/types\/page"}],"author":[{"embeddable":true,"href":"https:\/\/skagenharbourhotel.dk\/en\/wp-json\/wp\/v2\/users\/8"}],"replies":[{"embeddable":true,"href":"https:\/\/skagenharbourhotel.dk\/en\/wp-json\/wp\/v2\/comments?post=1505"}],"version-history":[{"count":1,"href":"https:\/\/skagenharbourhotel.dk\/en\/wp-json\/wp\/v2\/pages\/1505\/revisions"}],"predecessor-version":[{"id":12451,"href":"https:\/\/skagenharbourhotel.dk\/en\/wp-json\/wp\/v2\/pages\/1505\/revisions\/12451"}],"wp:attachment":[{"href":"https:\/\/skagenharbourhotel.dk\/en\/wp-json\/wp\/v2\/media?parent=1505"}],"curies":[{"name":"wp","href":"https:\/\/api.w.org\/{rel}","templated":true}]}}