{"id":1518,"date":"2019-05-16T10:48:26","date_gmt":"2019-05-16T08:48:26","guid":{"rendered":"https:\/\/skagenharbourhotel.dk\/om-skagen-harbour-hotel\/"},"modified":"2024-03-21T09:30:00","modified_gmt":"2024-03-21T08:30:00","slug":"about-skagen-harbour-hotel","status":"publish","type":"page","link":"https:\/\/skagenharbourhotel.dk\/en\/about-skagen-harbour-hotel\/","title":{"rendered":"About Skagen Harbour Hotel"},"content":{"rendered":"","protected":false},"excerpt":{"rendered":"","protected":false},"author":8,"featured_media":0,"parent":0,"menu_order":37,"comment_status":"closed","ping_status":"closed","template":"","meta":{"_acf_changed":false,"footnotes":""},"class_list":["post-1518","page","type-page","status-publish","hentry"],"acf":[],"yoast_head":"<!-- This site is optimized with the Yoast SEO plugin v27.4 - https:\/\/yoast.com\/product\/yoast-seo-wordpress\/ -->\n<title>Om Skagen Harbour Hotel | Skagen Harbour Hotel<\/title>\n<meta name=\"description\" content=\"L\u00e6s mere om vores hotel her. Hos Skagen Harbour Hotel g\u00f8r vi meget ud af vores historie og vores g\u00e6ster gennem \u00e5rene. L\u00e6s mere her.\" \/>\n<meta name=\"robots\" content=\"index, follow, max-snippet:-1, max-image-preview:large, max-video-preview:-1\" \/>\n<link rel=\"canonical\" href=\"https:\/\/skagenharbourhotel.dk\/om-skagen-harbour-hotel\/\" \/>\n<meta name=\"twitter:label1\" content=\"Est. reading time\" \/>\n\t<meta name=\"twitter:data1\" content=\"5 minutes\" \/>\n<script type=\"application\/ld+json\" class=\"yoast-schema-graph\">{\"@context\":\"https:\\\/\\\/schema.org\",\"@graph\":[{\"@type\":\"WebPage\",\"@id\":\"https:\\\/\\\/skagenharbourhotel.dk\\\/om-skagen-harbour-hotel\\\/\",\"url\":\"https:\\\/\\\/skagenharbourhotel.dk\\\/om-skagen-harbour-hotel\\\/\",\"name\":\"Om Skagen Harbour Hotel | Skagen Harbour Hotel\",\"isPartOf\":{\"@id\":\"https:\\\/\\\/skagenharbourhotel.dk\\\/#website\"},\"datePublished\":\"2019-05-16T08:48:26+00:00\",\"dateModified\":\"2024-03-21T08:30:00+00:00\",\"description\":\"L\u00e6s mere om vores hotel her. Hos Skagen Harbour Hotel g\u00f8r vi meget ud af vores historie og vores g\u00e6ster gennem \u00e5rene. L\u00e6s mere her.\",\"breadcrumb\":{\"@id\":\"https:\\\/\\\/skagenharbourhotel.dk\\\/om-skagen-harbour-hotel\\\/#breadcrumb\"},\"inLanguage\":\"en-US\",\"potentialAction\":[{\"@type\":\"ReadAction\",\"target\":[\"https:\\\/\\\/skagenharbourhotel.dk\\\/om-skagen-harbour-hotel\\\/\"]}]},{\"@type\":\"BreadcrumbList\",\"@id\":\"https:\\\/\\\/skagenharbourhotel.dk\\\/om-skagen-harbour-hotel\\\/#breadcrumb\",\"itemListElement\":[{\"@type\":\"ListItem\",\"position\":1,\"name\":\"Hjem\",\"item\":\"https:\\\/\\\/skagenharbourhotel.dk\\\/en\\\/\"},{\"@type\":\"ListItem\",\"position\":2,\"name\":\"About Skagen Harbour Hotel\"}]},{\"@type\":\"WebSite\",\"@id\":\"https:\\\/\\\/skagenharbourhotel.dk\\\/#website\",\"url\":\"https:\\\/\\\/skagenharbourhotel.dk\\\/\",\"name\":\"Skagen Hotel\",\"description\":\"Skagen Hotel\",\"potentialAction\":[{\"@type\":\"SearchAction\",\"target\":{\"@type\":\"EntryPoint\",\"urlTemplate\":\"https:\\\/\\\/skagenharbourhotel.dk\\\/?s={search_term_string}\"},\"query-input\":{\"@type\":\"PropertyValueSpecification\",\"valueRequired\":true,\"valueName\":\"search_term_string\"}}],\"inLanguage\":\"en-US\"}]}<\/script>\n<!-- \/ Yoast SEO plugin. -->","yoast_head_json":{"title":"Om Skagen Harbour Hotel | Skagen Harbour Hotel","description":"L\u00e6s mere om vores hotel her. Hos Skagen Harbour Hotel g\u00f8r vi meget ud af vores historie og vores g\u00e6ster gennem \u00e5rene. L\u00e6s mere her.","robots":{"index":"index","follow":"follow","max-snippet":"max-snippet:-1","max-image-preview":"max-image-preview:large","max-video-preview":"max-video-preview:-1"},"canonical":"https:\/\/skagenharbourhotel.dk\/om-skagen-harbour-hotel\/","twitter_misc":{"Est. reading time":"5 minutes"},"schema":{"@context":"https:\/\/schema.org","@graph":[{"@type":"WebPage","@id":"https:\/\/skagenharbourhotel.dk\/om-skagen-harbour-hotel\/","url":"https:\/\/skagenharbourhotel.dk\/om-skagen-harbour-hotel\/","name":"Om Skagen Harbour Hotel | Skagen Harbour Hotel","isPartOf":{"@id":"https:\/\/skagenharbourhotel.dk\/#website"},"datePublished":"2019-05-16T08:48:26+00:00","dateModified":"2024-03-21T08:30:00+00:00","description":"L\u00e6s mere om vores hotel her. Hos Skagen Harbour Hotel g\u00f8r vi meget ud af vores historie og vores g\u00e6ster gennem \u00e5rene. L\u00e6s mere her.","breadcrumb":{"@id":"https:\/\/skagenharbourhotel.dk\/om-skagen-harbour-hotel\/#breadcrumb"},"inLanguage":"en-US","potentialAction":[{"@type":"ReadAction","target":["https:\/\/skagenharbourhotel.dk\/om-skagen-harbour-hotel\/"]}]},{"@type":"BreadcrumbList","@id":"https:\/\/skagenharbourhotel.dk\/om-skagen-harbour-hotel\/#breadcrumb","itemListElement":[{"@type":"ListItem","position":1,"name":"Hjem","item":"https:\/\/skagenharbourhotel.dk\/en\/"},{"@type":"ListItem","position":2,"name":"About Skagen Harbour Hotel"}]},{"@type":"WebSite","@id":"https:\/\/skagenharbourhotel.dk\/#website","url":"https:\/\/skagenharbourhotel.dk\/","name":"Skagen Hotel","description":"Skagen Hotel","potentialAction":[{"@type":"SearchAction","target":{"@type":"EntryPoint","urlTemplate":"https:\/\/skagenharbourhotel.dk\/?s={search_term_string}"},"query-input":{"@type":"PropertyValueSpecification","valueRequired":true,"valueName":"search_term_string"}}],"inLanguage":"en-US"}]}},"_links":{"self":[{"href":"https:\/\/skagenharbourhotel.dk\/en\/wp-json\/wp\/v2\/pages\/1518","targetHints":{"allow":["GET"]}}],"collection":[{"href":"https:\/\/skagenharbourhotel.dk\/en\/wp-json\/wp\/v2\/pages"}],"about":[{"href":"https:\/\/skagenharbourhotel.dk\/en\/wp-json\/wp\/v2\/types\/page"}],"author":[{"embeddable":true,"href":"https:\/\/skagenharbourhotel.dk\/en\/wp-json\/wp\/v2\/users\/8"}],"replies":[{"embeddable":true,"href":"https:\/\/skagenharbourhotel.dk\/en\/wp-json\/wp\/v2\/comments?post=1518"}],"version-history":[{"count":4,"href":"https:\/\/skagenharbourhotel.dk\/en\/wp-json\/wp\/v2\/pages\/1518\/revisions"}],"predecessor-version":[{"id":12431,"href":"https:\/\/skagenharbourhotel.dk\/en\/wp-json\/wp\/v2\/pages\/1518\/revisions\/12431"}],"wp:attachment":[{"href":"https:\/\/skagenharbourhotel.dk\/en\/wp-json\/wp\/v2\/media?parent=1518"}],"curies":[{"name":"wp","href":"https:\/\/api.w.org\/{rel}","templated":true}]}}