{"id":1526,"date":"2019-06-26T11:23:28","date_gmt":"2019-06-26T09:23:28","guid":{"rendered":"https:\/\/skagenharbourhotel.dk\/ophold\/"},"modified":"2025-11-06T14:00:26","modified_gmt":"2025-11-06T13:00:26","slug":"stay","status":"publish","type":"page","link":"https:\/\/skagenharbourhotel.dk\/en\/stay\/","title":{"rendered":"Special stays"},"content":{"rendered":"","protected":false},"excerpt":{"rendered":"","protected":false},"author":8,"featured_media":0,"parent":0,"menu_order":38,"comment_status":"closed","ping_status":"closed","template":"","meta":{"_acf_changed":false,"footnotes":""},"class_list":["post-1526","page","type-page","status-publish","hentry"],"acf":[],"yoast_head":"<!-- This site is optimized with the Yoast SEO plugin v27.4 - https:\/\/yoast.com\/product\/yoast-seo-wordpress\/ -->\n<title>Ophold p\u00e5 Skagen Harbour Hotel | Skagen Harbour Hotel<\/title>\n<meta name=\"description\" content=\"Book dit n\u00e6ste ophold i Skagen p\u00e5 Skagen Harbour Hotel. Vi g\u00f8r hvad vi kan for at g\u00f8re dit ophold til en oplevelse for livet. Se mere her.\" \/>\n<meta name=\"robots\" content=\"index, follow, max-snippet:-1, max-image-preview:large, max-video-preview:-1\" \/>\n<link rel=\"canonical\" href=\"https:\/\/skagenharbourhotel.dk\/en\/stay\/\" \/>\n<meta name=\"twitter:label1\" content=\"Est. reading time\" \/>\n\t<meta name=\"twitter:data1\" content=\"17 minutes\" \/>\n<script type=\"application\/ld+json\" class=\"yoast-schema-graph\">{\"@context\":\"https:\\\/\\\/schema.org\",\"@graph\":[{\"@type\":\"WebPage\",\"@id\":\"https:\\\/\\\/skagenharbourhotel.dk\\\/en\\\/stay\\\/\",\"url\":\"https:\\\/\\\/skagenharbourhotel.dk\\\/en\\\/stay\\\/\",\"name\":\"Ophold p\u00e5 Skagen Harbour Hotel | Skagen Harbour Hotel\",\"isPartOf\":{\"@id\":\"https:\\\/\\\/skagenharbourhotel.dk\\\/#website\"},\"datePublished\":\"2019-06-26T09:23:28+00:00\",\"dateModified\":\"2025-11-06T13:00:26+00:00\",\"description\":\"Book dit n\u00e6ste ophold i Skagen p\u00e5 Skagen Harbour Hotel. Vi g\u00f8r hvad vi kan for at g\u00f8re dit ophold til en oplevelse for livet. Se mere her.\",\"breadcrumb\":{\"@id\":\"https:\\\/\\\/skagenharbourhotel.dk\\\/en\\\/stay\\\/#breadcrumb\"},\"inLanguage\":\"en-US\",\"potentialAction\":[{\"@type\":\"ReadAction\",\"target\":[\"https:\\\/\\\/skagenharbourhotel.dk\\\/en\\\/stay\\\/\"]}]},{\"@type\":\"BreadcrumbList\",\"@id\":\"https:\\\/\\\/skagenharbourhotel.dk\\\/en\\\/stay\\\/#breadcrumb\",\"itemListElement\":[{\"@type\":\"ListItem\",\"position\":1,\"name\":\"Hjem\",\"item\":\"https:\\\/\\\/skagenharbourhotel.dk\\\/en\\\/\"},{\"@type\":\"ListItem\",\"position\":2,\"name\":\"Special stays\"}]},{\"@type\":\"WebSite\",\"@id\":\"https:\\\/\\\/skagenharbourhotel.dk\\\/#website\",\"url\":\"https:\\\/\\\/skagenharbourhotel.dk\\\/\",\"name\":\"Skagen Hotel\",\"description\":\"Skagen Hotel\",\"potentialAction\":[{\"@type\":\"SearchAction\",\"target\":{\"@type\":\"EntryPoint\",\"urlTemplate\":\"https:\\\/\\\/skagenharbourhotel.dk\\\/?s={search_term_string}\"},\"query-input\":{\"@type\":\"PropertyValueSpecification\",\"valueRequired\":true,\"valueName\":\"search_term_string\"}}],\"inLanguage\":\"en-US\"}]}<\/script>\n<!-- \/ Yoast SEO plugin. -->","yoast_head_json":{"title":"Ophold p\u00e5 Skagen Harbour Hotel | Skagen Harbour Hotel","description":"Book dit n\u00e6ste ophold i Skagen p\u00e5 Skagen Harbour Hotel. Vi g\u00f8r hvad vi kan for at g\u00f8re dit ophold til en oplevelse for livet. Se mere her.","robots":{"index":"index","follow":"follow","max-snippet":"max-snippet:-1","max-image-preview":"max-image-preview:large","max-video-preview":"max-video-preview:-1"},"canonical":"https:\/\/skagenharbourhotel.dk\/en\/stay\/","twitter_misc":{"Est. reading time":"17 minutes"},"schema":{"@context":"https:\/\/schema.org","@graph":[{"@type":"WebPage","@id":"https:\/\/skagenharbourhotel.dk\/en\/stay\/","url":"https:\/\/skagenharbourhotel.dk\/en\/stay\/","name":"Ophold p\u00e5 Skagen Harbour Hotel | Skagen Harbour Hotel","isPartOf":{"@id":"https:\/\/skagenharbourhotel.dk\/#website"},"datePublished":"2019-06-26T09:23:28+00:00","dateModified":"2025-11-06T13:00:26+00:00","description":"Book dit n\u00e6ste ophold i Skagen p\u00e5 Skagen Harbour Hotel. Vi g\u00f8r hvad vi kan for at g\u00f8re dit ophold til en oplevelse for livet. Se mere her.","breadcrumb":{"@id":"https:\/\/skagenharbourhotel.dk\/en\/stay\/#breadcrumb"},"inLanguage":"en-US","potentialAction":[{"@type":"ReadAction","target":["https:\/\/skagenharbourhotel.dk\/en\/stay\/"]}]},{"@type":"BreadcrumbList","@id":"https:\/\/skagenharbourhotel.dk\/en\/stay\/#breadcrumb","itemListElement":[{"@type":"ListItem","position":1,"name":"Hjem","item":"https:\/\/skagenharbourhotel.dk\/en\/"},{"@type":"ListItem","position":2,"name":"Special stays"}]},{"@type":"WebSite","@id":"https:\/\/skagenharbourhotel.dk\/#website","url":"https:\/\/skagenharbourhotel.dk\/","name":"Skagen Hotel","description":"Skagen Hotel","potentialAction":[{"@type":"SearchAction","target":{"@type":"EntryPoint","urlTemplate":"https:\/\/skagenharbourhotel.dk\/?s={search_term_string}"},"query-input":{"@type":"PropertyValueSpecification","valueRequired":true,"valueName":"search_term_string"}}],"inLanguage":"en-US"}]}},"_links":{"self":[{"href":"https:\/\/skagenharbourhotel.dk\/en\/wp-json\/wp\/v2\/pages\/1526","targetHints":{"allow":["GET"]}}],"collection":[{"href":"https:\/\/skagenharbourhotel.dk\/en\/wp-json\/wp\/v2\/pages"}],"about":[{"href":"https:\/\/skagenharbourhotel.dk\/en\/wp-json\/wp\/v2\/types\/page"}],"author":[{"embeddable":true,"href":"https:\/\/skagenharbourhotel.dk\/en\/wp-json\/wp\/v2\/users\/8"}],"replies":[{"embeddable":true,"href":"https:\/\/skagenharbourhotel.dk\/en\/wp-json\/wp\/v2\/comments?post=1526"}],"version-history":[{"count":29,"href":"https:\/\/skagenharbourhotel.dk\/en\/wp-json\/wp\/v2\/pages\/1526\/revisions"}],"predecessor-version":[{"id":19098,"href":"https:\/\/skagenharbourhotel.dk\/en\/wp-json\/wp\/v2\/pages\/1526\/revisions\/19098"}],"wp:attachment":[{"href":"https:\/\/skagenharbourhotel.dk\/en\/wp-json\/wp\/v2\/media?parent=1526"}],"curies":[{"name":"wp","href":"https:\/\/api.w.org\/{rel}","templated":true}]}}